{"id":109,"date":"2019-09-17T17:46:07","date_gmt":"2019-09-17T15:46:07","guid":{"rendered":"http:\/\/jegeremoncabinet.com\/?page_id=109"},"modified":"2019-09-17T17:50:45","modified_gmt":"2019-09-17T15:50:45","slug":"aide-expert-a-la-cotation","status":"publish","type":"page","link":"https:\/\/jegeremoncabinet.com\/?page_id=109","title":{"rendered":"Aide Expert \u00e0 la Cotation"},"content":{"rendered":"\n<p>Aujourd\u2019hui dans les cabinets\u00a0de radiologie:<\/p>\n\n\n\n<p>1.&nbsp;&nbsp;&nbsp;&nbsp;&nbsp;&nbsp;&nbsp;Il n\u2019y a pas actuellement de RIS\nqui analyse les associations des actes. Dans le cadre de la radiologie\nconventionnelle, le nombre d\u2019acte n\u2019est pas limit\u00e9, mais ce n\u2019est pas parce\nqu\u2019il est possible de faire autant d\u2019actes que l\u2019on veux, qu\u2019autant cela soit\nautoris\u00e9.<\/p>\n\n\n\n<p>2.\u00a0\u00a0\u00a0\u00a0\u00a0\u00a0\u00a0Le radiologue \u00e9tant int\u00e9gr\u00e9 \u00e0 100% dans le cycle de la \u00ab\u00a0production\u00a0\u00bb, il n\u2019a pas le temps de surveiller ce qui est cot\u00e9 et factur\u00e9 <em>sous sa responsabilit\u00e9<\/em> (trop occup\u00e9e par ailleurs par sa propre activit\u00e9).<\/p>\n\n\n\n<p><strong>Conclusion&nbsp;<\/strong><\/p>\n\n\n\n<p>Les\ncabinets produisent de la non-conformit\u00e9 sans en avoir vraiment conscience, le\nradiologue est inform\u00e9 de cet \u00e9tat de fait, &nbsp;g\u00e9n\u00e9ralement par le courrier\nde sa caisse, o\u00f9 on lui demande des justifications concernant la facturation\nd\u2019actes dont il n\u2019\u00e9tait m\u00eame pas au courant en lui indiquant que suite \u00e0 cette\njustification il sera convoqu\u00e9 par le m\u00e9decin conseil afin d\u2019\u00e9valuer avec lui,\n&nbsp;si ce sont des erreurs de facturation ou bien s\u2019il consid\u00e8re que c\u2019est de\nl\u2019activit\u00e9 frauduleuse, la fronti\u00e8re entre les deux \u00e9tant tr\u00e8s mince. &nbsp;<\/p>\n\n\n\n<p><strong><em>Les avantages du module cotation expert\u00a0<\/em><\/strong><\/p>\n\n\n\n<p>il indique \u00e0 l\u2019utilisateur les incompatibilit\u00e9s d\u2019associations d\u2019actes, il propose une cotation en ad\u00e9quation avec la CCAM, il limite de ce fait la possibilit\u00e9 de faire des associations non conformes, il r\u00e9duit les risques de se retrouver devant la commission de la CPAM et du m\u00e9decin conseil. Il permet ainsi au radiologue de retrouver la s\u00e9r\u00e9nit\u00e9 n\u00e9cessaire \u00e0 l&rsquo;exercice de son m\u00e9tier en effectuant \u00e0 sa place les contr\u00f4les. Un rapport d\u2019activit\u00e9 des erreurs et des propositions de corrections  permettent d\u2019informer les personnels des anomalies et participe \u00e0 la mise en place d\u2019une pratique vertueuse. &#8211; <\/p>\n","protected":false},"excerpt":{"rendered":"<p>Aujourd\u2019hui dans les cabinets\u00a0de radiologie: 1.&nbsp;&nbsp;&nbsp;&nbsp;&nbsp;&nbsp;&nbsp;Il n\u2019y a pas actuellement de RIS qui analyse les associations des actes. Dans le cadre de la radiologie conventionnelle, le nombre d\u2019acte n\u2019est pas limit\u00e9, mais ce n\u2019est pas parce qu\u2019il est possible de faire autant d\u2019actes que l\u2019on veux, qu\u2019autant cela soit autoris\u00e9. 2.\u00a0\u00a0\u00a0\u00a0\u00a0\u00a0\u00a0Le radiologue \u00e9tant int\u00e9gr\u00e9 \u00e0&hellip; <br \/> <a class=\"button small blue\" href=\"https:\/\/jegeremoncabinet.com\/?page_id=109\">Lire la suite<\/a><\/p>\n","protected":false},"author":1,"featured_media":0,"parent":0,"menu_order":0,"comment_status":"closed","ping_status":"closed","template":"","meta":{"spay_email":""},"_links":{"self":[{"href":"https:\/\/jegeremoncabinet.com\/index.php?rest_route=\/wp\/v2\/pages\/109"}],"collection":[{"href":"https:\/\/jegeremoncabinet.com\/index.php?rest_route=\/wp\/v2\/pages"}],"about":[{"href":"https:\/\/jegeremoncabinet.com\/index.php?rest_route=\/wp\/v2\/types\/page"}],"author":[{"embeddable":true,"href":"https:\/\/jegeremoncabinet.com\/index.php?rest_route=\/wp\/v2\/users\/1"}],"replies":[{"embeddable":true,"href":"https:\/\/jegeremoncabinet.com\/index.php?rest_route=%2Fwp%2Fv2%2Fcomments&post=109"}],"version-history":[{"count":3,"href":"https:\/\/jegeremoncabinet.com\/index.php?rest_route=\/wp\/v2\/pages\/109\/revisions"}],"predecessor-version":[{"id":113,"href":"https:\/\/jegeremoncabinet.com\/index.php?rest_route=\/wp\/v2\/pages\/109\/revisions\/113"}],"wp:attachment":[{"href":"https:\/\/jegeremoncabinet.com\/index.php?rest_route=%2Fwp%2Fv2%2Fmedia&parent=109"}],"curies":[{"name":"wp","href":"https:\/\/api.w.org\/{rel}","templated":true}]}}